{"id":22396,"date":"2025-12-15T15:39:50","date_gmt":"2025-12-15T15:39:50","guid":{"rendered":"https:\/\/xoriguer.es\/product\/saffron-island-gin-ultra-premium-ca\/"},"modified":"2026-03-23T23:00:48","modified_gmt":"2026-03-23T23:00:48","slug":"saffron-island-gin-ultra-premium","status":"publish","type":"product","link":"https:\/\/xoriguer.es\/ca\/product\/saffron-island-gin-ultra-premium\/","title":{"rendered":"SAFFRON ISLAND (Gin ultra premium)"},"content":{"rendered":"[vc_row type=&#8221;in_container&#8221; full_screen_row_position=&#8221;middle&#8221; column_margin=&#8221;default&#8221; column_direction=&#8221;default&#8221; column_direction_tablet=&#8221;default&#8221; column_direction_phone=&#8221;default&#8221; scene_position=&#8221;center&#8221; text_color=&#8221;dark&#8221; text_align=&#8221;left&#8221; row_border_radius=&#8221;none&#8221; row_border_radius_applies=&#8221;bg&#8221; overflow=&#8221;visible&#8221; overlay_strength=&#8221;0.3&#8243; gradient_direction=&#8221;left_to_right&#8221; shape_divider_position=&#8221;bottom&#8221; bg_image_animation=&#8221;none&#8221;][vc_column column_padding=&#8221;no-extra-padding&#8221; column_padding_tablet=&#8221;inherit&#8221; column_padding_phone=&#8221;inherit&#8221; column_padding_position=&#8221;all&#8221; column_element_direction_desktop=&#8221;default&#8221; column_element_spacing=&#8221;default&#8221; desktop_text_alignment=&#8221;default&#8221; tablet_text_alignment=&#8221;default&#8221; phone_text_alignment=&#8221;default&#8221; background_color_opacity=&#8221;1&#8243; background_hover_color_opacity=&#8221;1&#8243; column_backdrop_filter=&#8221;none&#8221; column_shadow=&#8221;none&#8221; column_border_radius=&#8221;none&#8221; column_link_target=&#8221;_self&#8221; column_position=&#8221;default&#8221; gradient_direction=&#8221;left_to_right&#8221; overlay_strength=&#8221;0.3&#8243; width=&#8221;1\/1&#8243; tablet_width_inherit=&#8221;default&#8221; animation_type=&#8221;default&#8221; bg_image_animation=&#8221;none&#8221; border_type=&#8221;simple&#8221; column_border_width=&#8221;none&#8221; column_border_style=&#8221;solid&#8221;][vc_column_text]Azafr\u00e1n, aloe vera, ###TRANS_ab7f0847487de1098ef838c1320b31df###, gingebre, pomelo y Gin Xoriguer son la base de Saffron Island Gin, una ginebra ultra premium nacida de la creatividad y la uni\u00f3n de iSafra y Destiler\u00edas Xoriguer, dos empresas l\u00edderes en la elaboraci\u00f3n en Menorca de dos productos genuinos, el ###TRANS_00d057abdecd81b42733a828ee5aad22### y el \u2018Gin de Mao\u2019.[\/vc_column_text][\/vc_column][\/vc_row][vc_row type=&#8221;in_container&#8221; full_screen_row_position=&#8221;middle&#8221; column_margin=&#8221;default&#8221; column_direction=&#8221;default&#8221; column_direction_tablet=&#8221;default&#8221; column_direction_phone=&#8221;default&#8221; scene_position=&#8221;center&#8221; text_color=&#8221;dark&#8221; text_align=&#8221;left&#8221; row_border_radius=&#8221;none&#8221; row_border_radius_applies=&#8221;bg&#8221; overflow=&#8221;visible&#8221; overlay_strength=&#8221;0.3&#8243; gradient_direction=&#8221;left_to_right&#8221; shape_divider_position=&#8221;bottom&#8221; bg_image_animation=&#8221;none&#8221;][vc_column column_padding=&#8221;no-extra-padding&#8221; column_padding_tablet=&#8221;inherit&#8221; column_padding_phone=&#8221;inherit&#8221; column_padding_position=&#8221;all&#8221; column_element_direction_desktop=&#8221;default&#8221; column_element_spacing=&#8221;default&#8221; desktop_text_alignment=&#8221;default&#8221; tablet_text_alignment=&#8221;default&#8221; phone_text_alignment=&#8221;default&#8221; background_color_opacity=&#8221;1&#8243; background_hover_color_opacity=&#8221;1&#8243; column_backdrop_filter=&#8221;none&#8221; column_shadow=&#8221;none&#8221; column_border_radius=&#8221;none&#8221; column_link_target=&#8221;_self&#8221; column_position=&#8221;default&#8221; gradient_direction=&#8221;left_to_right&#8221; overlay_strength=&#8221;0.3&#8243; width=&#8221;1\/1&#8243; tablet_width_inherit=&#8221;default&#8221; animation_type=&#8221;default&#8221; bg_image_animation=&#8221;none&#8221; border_type=&#8221;simple&#8221; column_border_width=&#8221;none&#8221; column_border_style=&#8221;solid&#8221;][toggles style=&#8221;minimal&#8221;][toggle color=&#8221;Default&#8221; heading_tag=&#8221;default&#8221; heading_tag_functionality=&#8221;default&#8221; title=&#8221;Nota de Tast&#8221;][vc_column_text css=&#8221;&#8221; text_direction=&#8221;default&#8221;]<strong>AROMA<\/strong><br \/>\nProfund amb records de taronja i flor de safra.<\/p>\n<p><strong>GUST<\/strong><br \/>\nDe cos dens, primer record de taronja i safra deixant pas al ginebre.[\/vc_column_text][\/toggle][toggle color=&#8221;Default&#8221; heading_tag=&#8221;default&#8221; heading_tag_functionality=&#8221;default&#8221; title=&#8221;Perfect Serve&#8221;][vc_column_text css=&#8221;&#8221; text_direction=&#8221;default&#8221;]5 cl Saffron Island Gin<br \/>\nTonica<br \/>\nPell de taronja i canyella<br \/>\nCopa balo[\/vc_column_text][\/toggle][\/toggles][\/vc_column][\/vc_row]\n","protected":false},"excerpt":{"rendered":"<h2 style=\"font-size: 15px; text-transform: uppercase; font-weight: 600;\">Gin destilxc2xb7lat i macerat amb safra de Menorca<\/h2>\n<h3 style=\"font-size: 15px; font-weight: 300;\">38\u00ba 50cl.<\/h3>\n","protected":false},"featured_media":2380,"template":"","meta":[],"product_brand":[],"product_cat":[553],"product_tag":[],"class_list":{"0":"post-22396","1":"product","2":"type-product","3":"status-publish","4":"has-post-thumbnail","6":"product_cat-gin","8":"first","9":"instock","10":"shipping-taxable","11":"product-type-external"},"yoast_head":"<!-- This site is optimized with the Yoast SEO plugin v27.2 - https:\/\/yoast.com\/product\/yoast-seo-wordpress\/ -->\n<title>SAFFRON ISLAND (Gin ultra premium) - Xoriguer<\/title>\n<meta name=\"robots\" content=\"index, follow, max-snippet:-1, max-image-preview:large, max-video-preview:-1\" \/>\n<link rel=\"canonical\" href=\"https:\/\/xoriguer.es\/ca\/product\/saffron-island-gin-ultra-premium\/\" \/>\n<meta property=\"og:locale\" content=\"ca_ES\" \/>\n<meta property=\"og:type\" content=\"article\" \/>\n<meta property=\"og:title\" content=\"SAFFRON ISLAND (Gin ultra premium) - Xoriguer\" \/>\n<meta property=\"og:description\" content=\"Gin destilxc2xb7lat i macerat amb safra de Menorca 38\u00ba 50cl.\" \/>\n<meta property=\"og:url\" content=\"https:\/\/xoriguer.es\/ca\/product\/saffron-island-gin-ultra-premium\/\" \/>\n<meta property=\"og:site_name\" content=\"Xoriguer\" \/>\n<meta property=\"article:modified_time\" content=\"2026-03-23T23:00:48+00:00\" \/>\n<meta property=\"og:image\" content=\"https:\/\/xoriguer.es\/wp-content\/uploads\/2025\/12\/gin-saffron-new.jpg\" \/>\n\t<meta property=\"og:image:width\" content=\"1275\" \/>\n\t<meta property=\"og:image:height\" content=\"1700\" \/>\n\t<meta property=\"og:image:type\" content=\"image\/jpeg\" \/>\n<meta name=\"twitter:card\" content=\"summary_large_image\" \/>\n<meta name=\"twitter:label1\" content=\"Temps estimat de lectura\" \/>\n\t<meta name=\"twitter:data1\" content=\"1 minut\" \/>\n<script type=\"application\/ld+json\" class=\"yoast-schema-graph\">{\"@context\":\"https:\/\/schema.org\",\"@graph\":[{\"@type\":\"WebPage\",\"@id\":\"https:\/\/xoriguer.es\/ca\/product\/saffron-island-gin-ultra-premium\/\",\"url\":\"https:\/\/xoriguer.es\/ca\/product\/saffron-island-gin-ultra-premium\/\",\"name\":\"SAFFRON ISLAND (Gin ultra premium) - Xoriguer\",\"isPartOf\":{\"@id\":\"https:\/\/xoriguer.es\/ca\/#website\"},\"primaryImageOfPage\":{\"@id\":\"https:\/\/xoriguer.es\/ca\/product\/saffron-island-gin-ultra-premium\/#primaryimage\"},\"image\":{\"@id\":\"https:\/\/xoriguer.es\/ca\/product\/saffron-island-gin-ultra-premium\/#primaryimage\"},\"thumbnailUrl\":\"https:\/\/xoriguer.es\/wp-content\/uploads\/2025\/12\/gin-saffron-new.jpg\",\"datePublished\":\"2025-12-15T15:39:50+00:00\",\"dateModified\":\"2026-03-23T23:00:48+00:00\",\"breadcrumb\":{\"@id\":\"https:\/\/xoriguer.es\/ca\/product\/saffron-island-gin-ultra-premium\/#breadcrumb\"},\"inLanguage\":\"ca\",\"potentialAction\":[{\"@type\":\"ReadAction\",\"target\":[\"https:\/\/xoriguer.es\/ca\/product\/saffron-island-gin-ultra-premium\/\"]}]},{\"@type\":\"ImageObject\",\"inLanguage\":\"ca\",\"@id\":\"https:\/\/xoriguer.es\/ca\/product\/saffron-island-gin-ultra-premium\/#primaryimage\",\"url\":\"https:\/\/xoriguer.es\/wp-content\/uploads\/2025\/12\/gin-saffron-new.jpg\",\"contentUrl\":\"https:\/\/xoriguer.es\/wp-content\/uploads\/2025\/12\/gin-saffron-new.jpg\",\"width\":1275,\"height\":1700},{\"@type\":\"BreadcrumbList\",\"@id\":\"https:\/\/xoriguer.es\/ca\/product\/saffron-island-gin-ultra-premium\/#breadcrumb\",\"itemListElement\":[{\"@type\":\"ListItem\",\"position\":1,\"name\":\"Home\",\"item\":\"https:\/\/xoriguer.es\/ca\/\"},{\"@type\":\"ListItem\",\"position\":2,\"name\":\"Productes\",\"item\":\"https:\/\/xoriguer.es\/ca\/productes\/\"},{\"@type\":\"ListItem\",\"position\":3,\"name\":\"SAFFRON ISLAND (Gin ultra premium)\"}]},{\"@type\":\"WebSite\",\"@id\":\"https:\/\/xoriguer.es\/ca\/#website\",\"url\":\"https:\/\/xoriguer.es\/ca\/\",\"name\":\"Xoriguer\",\"description\":\"\",\"potentialAction\":[{\"@type\":\"SearchAction\",\"target\":{\"@type\":\"EntryPoint\",\"urlTemplate\":\"https:\/\/xoriguer.es\/ca\/?s={search_term_string}\"},\"query-input\":{\"@type\":\"PropertyValueSpecification\",\"valueRequired\":true,\"valueName\":\"search_term_string\"}}],\"inLanguage\":\"ca\"}]}<\/script>\n<!-- \/ Yoast SEO plugin. -->","yoast_head_json":{"title":"SAFFRON ISLAND (Gin ultra premium) - Xoriguer","robots":{"index":"index","follow":"follow","max-snippet":"max-snippet:-1","max-image-preview":"max-image-preview:large","max-video-preview":"max-video-preview:-1"},"canonical":"https:\/\/xoriguer.es\/ca\/product\/saffron-island-gin-ultra-premium\/","og_locale":"ca_ES","og_type":"article","og_title":"SAFFRON ISLAND (Gin ultra premium) - Xoriguer","og_description":"Gin destilxc2xb7lat i macerat amb safra de Menorca 38\u00ba 50cl.","og_url":"https:\/\/xoriguer.es\/ca\/product\/saffron-island-gin-ultra-premium\/","og_site_name":"Xoriguer","article_modified_time":"2026-03-23T23:00:48+00:00","og_image":[{"width":1275,"height":1700,"url":"https:\/\/xoriguer.es\/wp-content\/uploads\/2025\/12\/gin-saffron-new.jpg","type":"image\/jpeg"}],"twitter_card":"summary_large_image","twitter_misc":{"Temps estimat de lectura":"1 minut"},"schema":{"@context":"https:\/\/schema.org","@graph":[{"@type":"WebPage","@id":"https:\/\/xoriguer.es\/ca\/product\/saffron-island-gin-ultra-premium\/","url":"https:\/\/xoriguer.es\/ca\/product\/saffron-island-gin-ultra-premium\/","name":"SAFFRON ISLAND (Gin ultra premium) - Xoriguer","isPartOf":{"@id":"https:\/\/xoriguer.es\/ca\/#website"},"primaryImageOfPage":{"@id":"https:\/\/xoriguer.es\/ca\/product\/saffron-island-gin-ultra-premium\/#primaryimage"},"image":{"@id":"https:\/\/xoriguer.es\/ca\/product\/saffron-island-gin-ultra-premium\/#primaryimage"},"thumbnailUrl":"https:\/\/xoriguer.es\/wp-content\/uploads\/2025\/12\/gin-saffron-new.jpg","datePublished":"2025-12-15T15:39:50+00:00","dateModified":"2026-03-23T23:00:48+00:00","breadcrumb":{"@id":"https:\/\/xoriguer.es\/ca\/product\/saffron-island-gin-ultra-premium\/#breadcrumb"},"inLanguage":"ca","potentialAction":[{"@type":"ReadAction","target":["https:\/\/xoriguer.es\/ca\/product\/saffron-island-gin-ultra-premium\/"]}]},{"@type":"ImageObject","inLanguage":"ca","@id":"https:\/\/xoriguer.es\/ca\/product\/saffron-island-gin-ultra-premium\/#primaryimage","url":"https:\/\/xoriguer.es\/wp-content\/uploads\/2025\/12\/gin-saffron-new.jpg","contentUrl":"https:\/\/xoriguer.es\/wp-content\/uploads\/2025\/12\/gin-saffron-new.jpg","width":1275,"height":1700},{"@type":"BreadcrumbList","@id":"https:\/\/xoriguer.es\/ca\/product\/saffron-island-gin-ultra-premium\/#breadcrumb","itemListElement":[{"@type":"ListItem","position":1,"name":"Home","item":"https:\/\/xoriguer.es\/ca\/"},{"@type":"ListItem","position":2,"name":"Productes","item":"https:\/\/xoriguer.es\/ca\/productes\/"},{"@type":"ListItem","position":3,"name":"SAFFRON ISLAND (Gin ultra premium)"}]},{"@type":"WebSite","@id":"https:\/\/xoriguer.es\/ca\/#website","url":"https:\/\/xoriguer.es\/ca\/","name":"Xoriguer","description":"","potentialAction":[{"@type":"SearchAction","target":{"@type":"EntryPoint","urlTemplate":"https:\/\/xoriguer.es\/ca\/?s={search_term_string}"},"query-input":{"@type":"PropertyValueSpecification","valueRequired":true,"valueName":"search_term_string"}}],"inLanguage":"ca"}]}},"_links":{"self":[{"href":"https:\/\/xoriguer.es\/ca\/wp-json\/wp\/v2\/product\/22396","targetHints":{"allow":["GET"]}}],"collection":[{"href":"https:\/\/xoriguer.es\/ca\/wp-json\/wp\/v2\/product"}],"about":[{"href":"https:\/\/xoriguer.es\/ca\/wp-json\/wp\/v2\/types\/product"}],"wp:featuredmedia":[{"embeddable":true,"href":"https:\/\/xoriguer.es\/ca\/wp-json\/wp\/v2\/media\/2380"}],"wp:attachment":[{"href":"https:\/\/xoriguer.es\/ca\/wp-json\/wp\/v2\/media?parent=22396"}],"wp:term":[{"taxonomy":"product_brand","embeddable":true,"href":"https:\/\/xoriguer.es\/ca\/wp-json\/wp\/v2\/product_brand?post=22396"},{"taxonomy":"product_cat","embeddable":true,"href":"https:\/\/xoriguer.es\/ca\/wp-json\/wp\/v2\/product_cat?post=22396"},{"taxonomy":"product_tag","embeddable":true,"href":"https:\/\/xoriguer.es\/ca\/wp-json\/wp\/v2\/product_tag?post=22396"}],"curies":[{"name":"wp","href":"https:\/\/api.w.org\/{rel}","templated":true}]}}