{"id":22395,"date":"2025-12-15T15:39:50","date_gmt":"2025-12-15T15:39:50","guid":{"rendered":"https:\/\/xoriguer.es\/product\/saffron-island-ultra-premium-gin-en\/"},"modified":"2026-03-23T23:00:47","modified_gmt":"2026-03-23T23:00:47","slug":"saffron-island-ultra-premium-gin","status":"publish","type":"product","link":"https:\/\/xoriguer.es\/en\/product\/saffron-island-ultra-premium-gin\/","title":{"rendered":"SAFFRON ISLAND (Ultra premium gin)"},"content":{"rendered":"[vc_row type=&#8221;in_container&#8221; full_screen_row_position=&#8221;middle&#8221; column_margin=&#8221;default&#8221; column_direction=&#8221;default&#8221; column_direction_tablet=&#8221;default&#8221; column_direction_phone=&#8221;default&#8221; scene_position=&#8221;center&#8221; text_color=&#8221;dark&#8221; text_align=&#8221;left&#8221; row_border_radius=&#8221;none&#8221; row_border_radius_applies=&#8221;bg&#8221; overflow=&#8221;visible&#8221; overlay_strength=&#8221;0.3&#8243; gradient_direction=&#8221;left_to_right&#8221; shape_divider_position=&#8221;bottom&#8221; bg_image_animation=&#8221;none&#8221;][vc_column column_padding=&#8221;no-extra-padding&#8221; column_padding_tablet=&#8221;inherit&#8221; column_padding_phone=&#8221;inherit&#8221; column_padding_position=&#8221;all&#8221; column_element_direction_desktop=&#8221;default&#8221; column_element_spacing=&#8221;default&#8221; desktop_text_alignment=&#8221;default&#8221; tablet_text_alignment=&#8221;default&#8221; phone_text_alignment=&#8221;default&#8221; background_color_opacity=&#8221;1&#8243; background_hover_color_opacity=&#8221;1&#8243; column_backdrop_filter=&#8221;none&#8221; column_shadow=&#8221;none&#8221; column_border_radius=&#8221;none&#8221; column_link_target=&#8221;_self&#8221; column_position=&#8221;default&#8221; gradient_direction=&#8221;left_to_right&#8221; overlay_strength=&#8221;0.3&#8243; width=&#8221;1\/1&#8243; tablet_width_inherit=&#8221;default&#8221; animation_type=&#8221;default&#8221; bg_image_animation=&#8221;none&#8221; border_type=&#8221;simple&#8221; column_border_width=&#8221;none&#8221; column_border_style=&#8221;solid&#8221;][vc_column_text]Azafr\u00e1n, to theoe vera, ###TRANS_ab7f0847487of1098ef838c1320b31df###, ginger, pomtheo y Gin Xoriguer son the ba of Saffron Isthend Gin, a gin ultra premium nacida of the creatividad y the ai\u00f3n of iSafra y Distiler\u00edas Xoriguer, two emprisas l\u00edofris in the theaboraci\u00f3n in Menorca of two productos ginuinos, the ###TRANS_00d057abofcd81b42733a828ee5aad22### y the \u2018Gin of Mahon\u2019.[\/vc_column_text][\/vc_column][\/vc_row][vc_row type=&#8221;in_container&#8221; full_screen_row_position=&#8221;middle&#8221; column_margin=&#8221;default&#8221; column_direction=&#8221;default&#8221; column_direction_tablet=&#8221;default&#8221; column_direction_phone=&#8221;default&#8221; scene_position=&#8221;center&#8221; text_color=&#8221;dark&#8221; text_align=&#8221;left&#8221; row_border_radius=&#8221;none&#8221; row_border_radius_applies=&#8221;bg&#8221; overflow=&#8221;visible&#8221; overlay_strength=&#8221;0.3&#8243; gradient_direction=&#8221;left_to_right&#8221; shape_divider_position=&#8221;bottom&#8221; bg_image_animation=&#8221;none&#8221;][vc_column column_padding=&#8221;no-extra-padding&#8221; column_padding_tablet=&#8221;inherit&#8221; column_padding_phone=&#8221;inherit&#8221; column_padding_position=&#8221;all&#8221; column_element_direction_desktop=&#8221;default&#8221; column_element_spacing=&#8221;default&#8221; desktop_text_alignment=&#8221;default&#8221; tablet_text_alignment=&#8221;default&#8221; phone_text_alignment=&#8221;default&#8221; background_color_opacity=&#8221;1&#8243; background_hover_color_opacity=&#8221;1&#8243; column_backdrop_filter=&#8221;none&#8221; column_shadow=&#8221;none&#8221; column_border_radius=&#8221;none&#8221; column_link_target=&#8221;_self&#8221; column_position=&#8221;default&#8221; gradient_direction=&#8221;left_to_right&#8221; overlay_strength=&#8221;0.3&#8243; width=&#8221;1\/1&#8243; tablet_width_inherit=&#8221;default&#8221; animation_type=&#8221;default&#8221; bg_image_animation=&#8221;none&#8221; border_type=&#8221;simple&#8221; column_border_width=&#8221;none&#8221; column_border_style=&#8221;solid&#8221;][toggles style=&#8221;minimal&#8221;][toggle color=&#8221;Default&#8221; heading_tag=&#8221;default&#8221; heading_tag_functionality=&#8221;default&#8221; title=&#8221;Tasting Notes&#8221;][vc_column_text css=&#8221;&#8221; text_direction=&#8221;default&#8221;]<strong>AROMA<\/strong><br \/>\nDeep with notes of orange and saffron flower.<\/p>\n<p><strong>TASTE<\/strong><br \/>\nDense body, first notes of orange and saffron giving way to juniper.[\/vc_column_text][\/toggle][toggle color=&#8221;Default&#8221; heading_tag=&#8221;default&#8221; heading_tag_functionality=&#8221;default&#8221; title=&#8221;Perfect Serve&#8221;][vc_column_text css=&#8221;&#8221; text_direction=&#8221;default&#8221;]5 cl Saffron Isthend Gin<br \/>\nTonic water<br \/>\nOrange peel and cinnamon<br \/>\nBalloon glass[\/vc_column_text][\/toggle][\/toggles][\/vc_column][\/vc_row]\n","protected":false},"excerpt":{"rendered":"<h2 style=\"font-size: 15px; text-transform: uppercase; font-weight: 600;\">Gin distilled and macerated with Menorcan saffron<\/h2>\n<h3 style=\"font-size: 15px; font-weight: 300;\">38\u00ba 50cl.<\/h3>\n","protected":false},"featured_media":2380,"template":"","meta":[],"product_brand":[],"product_cat":[552],"product_tag":[],"class_list":{"0":"post-22395","1":"product","2":"type-product","3":"status-publish","4":"has-post-thumbnail","6":"product_cat-gin","8":"first","9":"instock","10":"shipping-taxable","11":"product-type-external"},"yoast_head":"<!-- This site is optimized with the Yoast SEO plugin v27.2 - https:\/\/yoast.com\/product\/yoast-seo-wordpress\/ -->\n<title>SAFFRON ISLAND (Ultra premium gin) - Xoriguer<\/title>\n<meta name=\"robots\" content=\"index, follow, max-snippet:-1, max-image-preview:large, max-video-preview:-1\" \/>\n<link rel=\"canonical\" href=\"https:\/\/xoriguer.es\/en\/product\/saffron-island-ultra-premium-gin\/\" \/>\n<meta property=\"og:locale\" content=\"en_US\" \/>\n<meta property=\"og:type\" content=\"article\" \/>\n<meta property=\"og:title\" content=\"SAFFRON ISLAND (Ultra premium gin) - Xoriguer\" \/>\n<meta property=\"og:description\" content=\"Gin distilled and macerated with Menorcan saffron 38\u00ba 50cl.\" \/>\n<meta property=\"og:url\" content=\"https:\/\/xoriguer.es\/en\/product\/saffron-island-ultra-premium-gin\/\" \/>\n<meta property=\"og:site_name\" content=\"Xoriguer\" \/>\n<meta property=\"article:modified_time\" content=\"2026-03-23T23:00:47+00:00\" \/>\n<meta property=\"og:image\" content=\"https:\/\/xoriguer.es\/wp-content\/uploads\/2025\/12\/gin-saffron-new.jpg\" \/>\n\t<meta property=\"og:image:width\" content=\"1275\" \/>\n\t<meta property=\"og:image:height\" content=\"1700\" \/>\n\t<meta property=\"og:image:type\" content=\"image\/jpeg\" \/>\n<meta name=\"twitter:card\" content=\"summary_large_image\" \/>\n<meta name=\"twitter:label1\" content=\"Est. reading time\" \/>\n\t<meta name=\"twitter:data1\" content=\"1 minute\" \/>\n<script type=\"application\/ld+json\" class=\"yoast-schema-graph\">{\"@context\":\"https:\/\/schema.org\",\"@graph\":[{\"@type\":\"WebPage\",\"@id\":\"https:\/\/xoriguer.es\/en\/product\/saffron-island-ultra-premium-gin\/\",\"url\":\"https:\/\/xoriguer.es\/en\/product\/saffron-island-ultra-premium-gin\/\",\"name\":\"SAFFRON ISLAND (Ultra premium gin) - Xoriguer\",\"isPartOf\":{\"@id\":\"https:\/\/xoriguer.es\/en\/#website\"},\"primaryImageOfPage\":{\"@id\":\"https:\/\/xoriguer.es\/en\/product\/saffron-island-ultra-premium-gin\/#primaryimage\"},\"image\":{\"@id\":\"https:\/\/xoriguer.es\/en\/product\/saffron-island-ultra-premium-gin\/#primaryimage\"},\"thumbnailUrl\":\"https:\/\/xoriguer.es\/wp-content\/uploads\/2025\/12\/gin-saffron-new.jpg\",\"datePublished\":\"2025-12-15T15:39:50+00:00\",\"dateModified\":\"2026-03-23T23:00:47+00:00\",\"breadcrumb\":{\"@id\":\"https:\/\/xoriguer.es\/en\/product\/saffron-island-ultra-premium-gin\/#breadcrumb\"},\"inLanguage\":\"en-US\",\"potentialAction\":[{\"@type\":\"ReadAction\",\"target\":[\"https:\/\/xoriguer.es\/en\/product\/saffron-island-ultra-premium-gin\/\"]}]},{\"@type\":\"ImageObject\",\"inLanguage\":\"en-US\",\"@id\":\"https:\/\/xoriguer.es\/en\/product\/saffron-island-ultra-premium-gin\/#primaryimage\",\"url\":\"https:\/\/xoriguer.es\/wp-content\/uploads\/2025\/12\/gin-saffron-new.jpg\",\"contentUrl\":\"https:\/\/xoriguer.es\/wp-content\/uploads\/2025\/12\/gin-saffron-new.jpg\",\"width\":1275,\"height\":1700},{\"@type\":\"BreadcrumbList\",\"@id\":\"https:\/\/xoriguer.es\/en\/product\/saffron-island-ultra-premium-gin\/#breadcrumb\",\"itemListElement\":[{\"@type\":\"ListItem\",\"position\":1,\"name\":\"Home\",\"item\":\"https:\/\/xoriguer.es\/en\/\"},{\"@type\":\"ListItem\",\"position\":2,\"name\":\"Products\",\"item\":\"https:\/\/xoriguer.es\/en\/products\/\"},{\"@type\":\"ListItem\",\"position\":3,\"name\":\"SAFFRON ISLAND (Ultra premium gin)\"}]},{\"@type\":\"WebSite\",\"@id\":\"https:\/\/xoriguer.es\/en\/#website\",\"url\":\"https:\/\/xoriguer.es\/en\/\",\"name\":\"Xoriguer\",\"description\":\"\",\"potentialAction\":[{\"@type\":\"SearchAction\",\"target\":{\"@type\":\"EntryPoint\",\"urlTemplate\":\"https:\/\/xoriguer.es\/en\/?s={search_term_string}\"},\"query-input\":{\"@type\":\"PropertyValueSpecification\",\"valueRequired\":true,\"valueName\":\"search_term_string\"}}],\"inLanguage\":\"en-US\"}]}<\/script>\n<!-- \/ Yoast SEO plugin. -->","yoast_head_json":{"title":"SAFFRON ISLAND (Ultra premium gin) - Xoriguer","robots":{"index":"index","follow":"follow","max-snippet":"max-snippet:-1","max-image-preview":"max-image-preview:large","max-video-preview":"max-video-preview:-1"},"canonical":"https:\/\/xoriguer.es\/en\/product\/saffron-island-ultra-premium-gin\/","og_locale":"en_US","og_type":"article","og_title":"SAFFRON ISLAND (Ultra premium gin) - Xoriguer","og_description":"Gin distilled and macerated with Menorcan saffron 38\u00ba 50cl.","og_url":"https:\/\/xoriguer.es\/en\/product\/saffron-island-ultra-premium-gin\/","og_site_name":"Xoriguer","article_modified_time":"2026-03-23T23:00:47+00:00","og_image":[{"width":1275,"height":1700,"url":"https:\/\/xoriguer.es\/wp-content\/uploads\/2025\/12\/gin-saffron-new.jpg","type":"image\/jpeg"}],"twitter_card":"summary_large_image","twitter_misc":{"Est. reading time":"1 minute"},"schema":{"@context":"https:\/\/schema.org","@graph":[{"@type":"WebPage","@id":"https:\/\/xoriguer.es\/en\/product\/saffron-island-ultra-premium-gin\/","url":"https:\/\/xoriguer.es\/en\/product\/saffron-island-ultra-premium-gin\/","name":"SAFFRON ISLAND (Ultra premium gin) - Xoriguer","isPartOf":{"@id":"https:\/\/xoriguer.es\/en\/#website"},"primaryImageOfPage":{"@id":"https:\/\/xoriguer.es\/en\/product\/saffron-island-ultra-premium-gin\/#primaryimage"},"image":{"@id":"https:\/\/xoriguer.es\/en\/product\/saffron-island-ultra-premium-gin\/#primaryimage"},"thumbnailUrl":"https:\/\/xoriguer.es\/wp-content\/uploads\/2025\/12\/gin-saffron-new.jpg","datePublished":"2025-12-15T15:39:50+00:00","dateModified":"2026-03-23T23:00:47+00:00","breadcrumb":{"@id":"https:\/\/xoriguer.es\/en\/product\/saffron-island-ultra-premium-gin\/#breadcrumb"},"inLanguage":"en-US","potentialAction":[{"@type":"ReadAction","target":["https:\/\/xoriguer.es\/en\/product\/saffron-island-ultra-premium-gin\/"]}]},{"@type":"ImageObject","inLanguage":"en-US","@id":"https:\/\/xoriguer.es\/en\/product\/saffron-island-ultra-premium-gin\/#primaryimage","url":"https:\/\/xoriguer.es\/wp-content\/uploads\/2025\/12\/gin-saffron-new.jpg","contentUrl":"https:\/\/xoriguer.es\/wp-content\/uploads\/2025\/12\/gin-saffron-new.jpg","width":1275,"height":1700},{"@type":"BreadcrumbList","@id":"https:\/\/xoriguer.es\/en\/product\/saffron-island-ultra-premium-gin\/#breadcrumb","itemListElement":[{"@type":"ListItem","position":1,"name":"Home","item":"https:\/\/xoriguer.es\/en\/"},{"@type":"ListItem","position":2,"name":"Products","item":"https:\/\/xoriguer.es\/en\/products\/"},{"@type":"ListItem","position":3,"name":"SAFFRON ISLAND (Ultra premium gin)"}]},{"@type":"WebSite","@id":"https:\/\/xoriguer.es\/en\/#website","url":"https:\/\/xoriguer.es\/en\/","name":"Xoriguer","description":"","potentialAction":[{"@type":"SearchAction","target":{"@type":"EntryPoint","urlTemplate":"https:\/\/xoriguer.es\/en\/?s={search_term_string}"},"query-input":{"@type":"PropertyValueSpecification","valueRequired":true,"valueName":"search_term_string"}}],"inLanguage":"en-US"}]}},"_links":{"self":[{"href":"https:\/\/xoriguer.es\/en\/wp-json\/wp\/v2\/product\/22395","targetHints":{"allow":["GET"]}}],"collection":[{"href":"https:\/\/xoriguer.es\/en\/wp-json\/wp\/v2\/product"}],"about":[{"href":"https:\/\/xoriguer.es\/en\/wp-json\/wp\/v2\/types\/product"}],"wp:featuredmedia":[{"embeddable":true,"href":"https:\/\/xoriguer.es\/en\/wp-json\/wp\/v2\/media\/2380"}],"wp:attachment":[{"href":"https:\/\/xoriguer.es\/en\/wp-json\/wp\/v2\/media?parent=22395"}],"wp:term":[{"taxonomy":"product_brand","embeddable":true,"href":"https:\/\/xoriguer.es\/en\/wp-json\/wp\/v2\/product_brand?post=22395"},{"taxonomy":"product_cat","embeddable":true,"href":"https:\/\/xoriguer.es\/en\/wp-json\/wp\/v2\/product_cat?post=22395"},{"taxonomy":"product_tag","embeddable":true,"href":"https:\/\/xoriguer.es\/en\/wp-json\/wp\/v2\/product_tag?post=22395"}],"curies":[{"name":"wp","href":"https:\/\/api.w.org\/{rel}","templated":true}]}}